{"id":83,"date":"2014-01-11T23:53:29","date_gmt":"2014-01-11T23:53:29","guid":{"rendered":"https:\/\/iafgh.cat\/?page_id=83"},"modified":"2025-07-11T07:42:08","modified_gmt":"2025-07-11T07:42:08","slug":"junta","status":"publish","type":"page","link":"https:\/\/iafgh.cat\/?page_id=83","title":{"rendered":"Contactar"},"content":{"rendered":"<p style=\"text-align: center;\">08008 Barcelona<br \/>\n-Catalunya-<\/p>\n<p style=\"text-align: center;\"><a href=\"mailto:correu@icgenher.cat\" target=\"_blank\" rel=\"noopener noreferrer\">correu@icgenher.cat<\/a><br \/>\n<a href=\"https:\/\/iafgh.cat\/\" target=\"_blank\" rel=\"noopener noreferrer\">www.icgenher.cat<\/a><\/p>\n<p align=\"center\"><em>Constitu\u00efda el 24 d\u2019octubre del 2007 i inscrita al Registre<\/em><br \/>\n<em> \u00a0d\u2019Associacions de la Generalitat de Catalunya <\/em><br \/>\n<em> el dia 9 de gener de 2008 amb el n\u00famero 35970.<\/em><\/p>\n<p align=\"center\">@<\/p>\n<p align=\"center\"><b>J U N T A\u00a0 D E\u00a0 G O V E R N<\/b><\/p>\n<p align=\"center\"><b><i>President: <\/i><\/b>Sr. Gerard Mar\u00ed i Brull<\/p>\n<p align=\"center\"><b><i>Vicepresident:\u00a0<\/i><\/b>Sr. Joaquim de la Calzada i Fern\u00e1ndez<\/p>\n<p align=\"center\"><b><i>Secretari:\u00a0<\/i><\/b>Sr. Pere F. Puigderrajols i Jarque<\/p>\n<p align=\"center\"><em><strong>Tresorer:<\/strong><\/em>\u00a0Sr. Ignasi Ametlla i Guxens<\/p>\n<p align=\"center\"><b><i>Vocals:<\/i><\/b> Sr. Raimon Pavia i Segura, Sr. Gerard Mar\u00ed i Brull, Sr. Josep M. Palau i Baduell, Sr. Ramon Bartol\u00ed i Sala, Sr. Joaquin M. Casals i de Nadal, Sr. Jordi Manent i Tom\u00e0s i el Sr. Miquel Huguet i Vilella.<\/p>\n<p align=\"center\">@<\/p>\n<p align=\"center\"><b>Per a fer-vos soci\/a:<\/b><\/p>\n<p align=\"center\">Si voleu formar part de la IAFGH, com a nou membra,<\/p>\n<p align=\"center\">podeu enviar un correu a\u00a0<a href=\"mailto:correu@icgenher.cat\">correu@icgenher.cat<\/a><\/p>\n<p align=\"center\">@<\/p>\n<p align=\"center\"><a href=\"https:\/\/iafgh.cat\/wp-content\/uploads\/2018\/05\/EstatutsICGenHer.pdf\">Estatuts ICGenHer<\/a><\/p>\n<p align=\"center\">@<\/p>\n<p align=\"center\">Mem\u00f2ria activitats 2024<\/p>\n<p align=\"center\">@<\/p>\n<p align=\"center\"><b>ENLLA\u00c7OS D\u2019INTER\u00c8S\u00a0<\/b><\/p>\n<p align=\"center\">\u00d2mnium Cultural &#8211;\u00a0<a href=\"http:\/\/www.omnium.cat\/\" target=\"_blank\" rel=\"noopener noreferrer\">http:\/\/www.omnium.cat<\/a><\/p>\n<p align=\"center\">IEC &#8211;\u00a0<a href=\"http:\/\/www.iec.cat\/\" target=\"_blank\" rel=\"noopener noreferrer\">http:\/\/www.iec.cat<\/a><\/p>\n<p align=\"center\">Ateneu Barcelon\u00e8s &#8211;\u00a0<a href=\"http:\/\/www.ateneubcn.org\/\" target=\"_blank\" rel=\"noopener noreferrer\">http:\/\/www.ateneubcn.org<\/a><\/p>\n","protected":false},"excerpt":{"rendered":"<p>08008 Barcelona -Catalunya- correu@icgenher.cat www.icgenher.cat Constitu\u00efda el 24 d\u2019octubre del 2007 i inscrita al Registre \u00a0d\u2019Associacions de la Generalitat de Catalunya el dia 9 de gener de 2008 amb el n\u00famero 35970. @ J U N T A\u00a0 D E\u00a0 G O V E R N President: Sr. Gerard Mar\u00ed i Brull Vicepresident:\u00a0Sr. Joaquim de &#8230;<\/p>\n<p><a href=\"https:\/\/iafgh.cat\/?page_id=83\" class=\"more-link\">More <span class=\"meta-nav\">&rarr;<\/span><\/a><\/p>\n","protected":false},"author":1,"featured_media":2522,"parent":0,"menu_order":0,"comment_status":"closed","ping_status":"open","template":"","meta":{"footnotes":""},"class_list":["post-83","page","type-page","status-publish","has-post-thumbnail","hentry"],"_links":{"self":[{"href":"https:\/\/iafgh.cat\/index.php?rest_route=\/wp\/v2\/pages\/83","targetHints":{"allow":["GET"]}}],"collection":[{"href":"https:\/\/iafgh.cat\/index.php?rest_route=\/wp\/v2\/pages"}],"about":[{"href":"https:\/\/iafgh.cat\/index.php?rest_route=\/wp\/v2\/types\/page"}],"author":[{"embeddable":true,"href":"https:\/\/iafgh.cat\/index.php?rest_route=\/wp\/v2\/users\/1"}],"replies":[{"embeddable":true,"href":"https:\/\/iafgh.cat\/index.php?rest_route=%2Fwp%2Fv2%2Fcomments&post=83"}],"version-history":[{"count":31,"href":"https:\/\/iafgh.cat\/index.php?rest_route=\/wp\/v2\/pages\/83\/revisions"}],"predecessor-version":[{"id":2751,"href":"https:\/\/iafgh.cat\/index.php?rest_route=\/wp\/v2\/pages\/83\/revisions\/2751"}],"wp:featuredmedia":[{"embeddable":true,"href":"https:\/\/iafgh.cat\/index.php?rest_route=\/wp\/v2\/media\/2522"}],"wp:attachment":[{"href":"https:\/\/iafgh.cat\/index.php?rest_route=%2Fwp%2Fv2%2Fmedia&parent=83"}],"curies":[{"name":"wp","href":"https:\/\/api.w.org\/{rel}","templated":true}]}}