{"id":611,"date":"2015-07-15T09:31:27","date_gmt":"2015-07-15T09:31:27","guid":{"rendered":"https:\/\/iafgh.cat\/?page_id=611"},"modified":"2015-07-15T09:34:01","modified_gmt":"2015-07-15T09:34:01","slug":"cristofor-colom","status":"publish","type":"page","link":"https:\/\/iafgh.cat\/?page_id=611","title":{"rendered":"Crist\u00f2for Colom"},"content":{"rendered":"<div id=\"cc-m-8576233499\" class=\"n j-header \">\n<h1 id=\"cc-m-header-8576233499\" class=\"\">La catalanitat de Crist\u00f2for Colom<\/h1>\n<\/div>\n<div id=\"cc-m-8576837799\" class=\"n j-textWithImage \">\n<figure class=\"cc-imagewrapper cc-m-image-align-1\"><img decoding=\"async\" id=\"cc-m-textwithimage-image-8576837799\" class=\" alignleft\" src=\"http:\/\/image.jimcdn.com\/app\/cms\/image\/transf\/dimension=210x1024;mode=fitin;format=jpg\/path\/sb973b46385419d62\/image\/i4a93b8759b7a011c\/version\/1398163367\/image.jpg\" alt=\"\" data-src-width=\"1278\" data-src-height=\"718\" \/><\/figure>\n<div>\n<div id=\"cc-m-textwithimage-8576837799\" class=\"cc-m-textwithimage-inline-rte\" data-name=\"text\" data-action=\"text\">\n<p><strong>Armand de Fluvi\u00e0<\/strong>: El tema de la catalanitat de Crist\u00f2for Colom fa molts anys que m\u2019interessa i he llegit molt sobre el tema.\u00a0 \u00c9s un personatge que tothom voldria que fos del seu pa\u00eds. Francesc Albardaner \u00e9s la persona que per a mi tracta el tema amb m\u00e9s rigor i seriositat. Han aparegut moltes teories, moltes hip\u00f2tesis, per\u00f2 de moment no tenim aquell document que ens pugui dir, fefaentment, que Crist\u00f2for Colom era catal\u00e0 i de tal lloc. Francesc Albardaner, que \u00e9s arquitecte y va comen\u00e7ar a estudiar el tema l\u2019any 1986. Va ser el director del Centre d\u2019Estudis Colombins, que dep\u00e8n de l\u2019\u00d2mnium Cultural, ha investigat a gaireb\u00e9 tots els arxius eclesi\u00e0stics de Catalunya, tamb\u00e9 els arxius notarials, els arxius de Mallorca, de Val\u00e8ncia, d\u2019Eivissa, tamb\u00e9 a Sevilla, tant a la Casa de Pilatos com a l\u2019Arxiu d\u2019\u00cdndies. Tamb\u00e9 ha estat als arxius de Palerm, del Vatic\u00e0 i de Flor\u00e8ncia. Ha donat confer\u00e8ncies per tot arreu i ha intervingut tamb\u00e9 en televisions als Estats Units.<\/p>\n<div id=\"cc-m-8576233999\" class=\"n j-header \">\n<h1 id=\"cc-m-header-8576233999\" class=\"\">Francesc Albardaner i Llorens<\/h1>\n<\/div>\n<div id=\"cc-m-8576233699\" class=\"n j-textWithImage \">\n<figure class=\"cc-imagewrapper cc-m-image-align-1\"><img decoding=\"async\" id=\"cc-m-textwithimage-image-8576233699\" class=\" alignleft\" src=\"http:\/\/image.jimcdn.com\/app\/cms\/image\/transf\/dimension=120x1024;mode=fitin;format=jpg\/path\/sb973b46385419d62\/image\/i5a3dff7d499832e6\/version\/1381995486\/image.jpg\" alt=\"\" data-src-width=\"468\" data-src-height=\"699\" \/><\/figure>\n<div>\n<div id=\"cc-m-textwithimage-8576233699\" class=\"cc-m-textwithimage-inline-rte\" data-name=\"text\" data-action=\"text\">\n<p>Francesc Albardaner i Llorens (Barcelona, 1949) \u00e9s un investigador de la teoria de la possible catalanitat de Crist\u00f2for Colom des de l\u2019any 1986. Va esdevenir soci del Centre d\u2019Estudis Colombins d\u2019\u00d2mnium Cultural de Barcelona a partir de l\u2019any 1991. Ha estat i \u00e9s membre de la Junta Directiva i tamb\u00e9 va ocupar el c\u00e0rrec de president del Centre d\u2019Estudis Colombins.<br \/>\nDurant 25 anys ha dut a terme una tasca ingent de recerca en els arxius hist\u00f2rics de Catalunya i tamb\u00e9 de Espanya, Fran\u00e7a, It\u00e0lia i als arxius de l\u2019Estat Vatic\u00e0. Ha donat nombroses confer\u00e8ncies de tem\u00e0tica colombina tant en moltes localitats catalanes com a Madrid i ha participat en importants simposis internacionals.<br \/>\nVa col\u00b7laborar activament en la redacci\u00f3 del gui\u00f3 i l\u2019argument general del documental de Discovery Channel Columbus, secrets from the grave (2004), que va donar una projecci\u00f3 internacional a la teoria de la possible catalanitat de Colom.<\/p>\n<div id=\"cc-m-8576859499\" class=\"n j-textWithImage \">\n<figure class=\"cc-imagewrapper cc-m-image-align-1\"><a href=\"http:\/\/zonallibres.cat\/detalle.asp?codart=ART1673089862\" target=\"_blank\"><img decoding=\"async\" id=\"cc-m-textwithimage-image-8576859499\" class=\" alignleft\" src=\"http:\/\/image.jimcdn.com\/app\/cms\/image\/transf\/dimension=158x1024;mode=fitin;format=jpg\/path\/sb973b46385419d62\/image\/i91cb55d202ddc2d3\/version\/1381996352\/image.jpg\" alt=\"\" data-src-width=\"388\" data-src-height=\"595\" \/><\/a><\/figure>\n<div>\n<div id=\"cc-m-textwithimage-8576859499\" class=\"cc-m-textwithimage-inline-rte\" data-name=\"text\" data-action=\"text\">\n<p><strong>La catalanitat de Colom<\/strong>: L&#8217;\u00fanic objectiu que guia el meu estudi \u00e9s el de con\u00e8ixer la veritat de l&#8217;origen de Colom i sempre he intentat actuar seguint una metodologia estrictament cient\u00edfica. La meva condici\u00f3 de ser catal\u00e0, de naixement i cultura, s&#8217;ha convertit en un \u00abhandicap\u00bb davant d&#8217;uns futurs lectors que hagin d&#8217;avaluar els meus treballs, ja que segurament pensaran, que em mouen exclusivament motius patri\u00f2tics per poder incloure a aquesta gran figura de la hist\u00f2ria universal dins el \u00abPante\u00f3 de la Gl\u00f2ria\u00bb de la hist\u00f2ria de Catalunya. I aquesta apreciaci\u00f3 del meu treball no \u00e9s la que jo considero correcta, ja que, repeteixo, sempre he intentat assolir el m\u00e0xim nivell cient\u00edfic en ell i per aix\u00f2 he col \u00b7 laborat amb professors universitaris de diverses especialitats i, entre tots, hem utilitzat diverses ci\u00e8ncies auxiliars de la hist\u00f2ria per aconseguir la veritat, no sempre amb \u00e8xit, com en el cas de les mostres de ADN descrites al final del llibre.<\/p>\n<\/div>\n<\/div>\n<\/div>\n<div id=\"cc-m-8576887699\" class=\"n j-textWithImage \">\n<figure class=\"cc-imagewrapper cc-m-image-align-1\"><a href=\"http:\/\/zonallibres.cat\/detalle.asp?Codart=ART3741418720\" target=\"_blank\"><img decoding=\"async\" id=\"cc-m-textwithimage-image-8576887699\" class=\" alignleft\" src=\"http:\/\/image.jimcdn.com\/app\/cms\/image\/transf\/dimension=158x1024;mode=fitin;format=jpg\/path\/sb973b46385419d62\/image\/i7d7ddf55780e55ce\/version\/1381996339\/image.jpg\" alt=\"\" data-src-width=\"382\" data-src-height=\"595\" \/><\/a><\/figure>\n<div>\n<div id=\"cc-m-textwithimage-8576887699\" class=\"cc-m-textwithimage-inline-rte\" data-name=\"text\" data-action=\"text\">\n<p><span id=\"result_box\" lang=\"es\" xml:lang=\"es\"><strong><span class=\"hps\">El origen catal\u00e1n de Colom<\/span><\/strong>: <span class=\"hps\">El \u00fanico<\/span> <span class=\"hps\">objetivo que<\/span> <span class=\"hps\">gu\u00eda<\/span> <span class=\"hps\">mi estudio<\/span> <span class=\"hps\">es<\/span> <span class=\"hps\">el de conocer<\/span> <span class=\"hps\">la verdad<\/span> <span class=\"hps\">del origen<\/span> <span class=\"hps\">de Col\u00f3n<\/span> <span class=\"hps\">y siempre<\/span> <span class=\"hps\">he intentado<\/span> <span class=\"hps\">actuar<\/span><span class=\"hps\">siguiendo<\/span> <span class=\"hps\">una metodolog\u00eda<\/span> <span class=\"hps\">estrictamente<\/span> <span class=\"hps\">cient\u00edfica<\/span>. <span class=\"hps\">Mi<\/span> <span class=\"hps\">condici\u00f3n<\/span> <span class=\"hps\">de ser catal\u00e1n<\/span>, <span class=\"hps\">de nacimiento<\/span> <span class=\"hps\">y cultura,<\/span> <span class=\"hps\">se ha<\/span> <span class=\"hps atn\">convertido en un \u00ab<\/span>handicap\u00bb<span class=\"hps\">ante unos<\/span> <span class=\"hps\">futuros<\/span> <span class=\"hps\">lectores que hayan<\/span> <span class=\"hps\">de evaluar<\/span> <span class=\"hps\">mis trabajos<\/span>, <span class=\"hps\">ya que seguramente<\/span> <span class=\"hps\">pensar\u00e1n<\/span>, <span class=\"hps\">que me mueven<\/span> <span class=\"hps\">exclusivamente<\/span> <span class=\"hps\">motivos<\/span><span class=\"hps\">patri\u00f3ticos<\/span> <span class=\"hps\">para<\/span> <span class=\"hps\">poder<\/span> <span class=\"hps\">incluir<\/span> <span class=\"hps\">a esta gran<\/span> <span class=\"hps\">figura<\/span> <span class=\"hps\">de la historia universal<\/span><span class=\"hps\">en el<\/span> <span class=\"hps atn\">\u00ab<\/span>Pante\u00f3n <span class=\"hps\">de la Gloria<\/span>&#8221; de la <span class=\"hps\">historia<\/span> <span class=\"hps\">de Catalu\u00f1a.<\/span> <span class=\"hps\">Y<\/span> <span class=\"hps\">esta apreciaci\u00f3n<\/span> <span class=\"hps\">de mi trabajo<\/span> <span class=\"hps\">no es la que<\/span> <span class=\"hps\">yo<\/span> <span class=\"hps\">considero<\/span> <span class=\"hps\">correcta, ya<\/span> <span class=\"hps\">que, repito<\/span>, <span class=\"hps\">siempre<\/span> <span class=\"hps\">he intentado<\/span> <span class=\"hps\">alcanzar el m\u00e1ximo nivel<\/span> <span class=\"hps\">cient\u00edfico<\/span> <span class=\"hps\">en \u00e9l y<\/span><span class=\"hps\">por eso he<\/span> <span class=\"hps\">colaborado<\/span> <span class=\"hps\">con<\/span> <span class=\"hps\">profesores<\/span> <span class=\"hps\">universitarios de<\/span> <span class=\"hps\">diversas especialidades<\/span> <span class=\"hps\">y<\/span>, <span class=\"hps\">entre todos<\/span>, <span class=\"hps\">hemos<\/span> <span class=\"hps\">utilizado varias<\/span> <span class=\"hps\">ciencias auxiliares<\/span><span class=\"hps\">de la historia<\/span> <span class=\"hps\">para alcanzar la verdad<\/span>, <span class=\"hps\">no siempre<\/span> <span class=\"hps\">con \u00e9xito<\/span>, <span class=\"hps\">como en el caso<\/span> <span class=\"hps\">de las muestras de<\/span> <span class=\"hps\">ADN<\/span> <span class=\"hps\">descritas<\/span> <span class=\"hps\">al final del libro<\/span>.<\/span><\/p>\n<p><a href=\"mailto:correu@icgenher.cat\">correu@icgenher.cat<\/a><\/p>\n<\/div>\n<\/div>\n<\/div>\n<\/div>\n<\/div>\n<\/div>\n<\/div>\n<\/div>\n<\/div>\n","protected":false},"excerpt":{"rendered":"<p>La catalanitat de Crist\u00f2for Colom Armand de Fluvi\u00e0: El tema de la catalanitat de Crist\u00f2for Colom fa molts anys que m\u2019interessa i he llegit molt sobre el tema.\u00a0 \u00c9s un personatge que tothom voldria que fos del seu pa\u00eds. Francesc Albardaner \u00e9s la persona que per a mi tracta el tema amb m\u00e9s rigor i &#8230;<\/p>\n<p><a href=\"https:\/\/iafgh.cat\/?page_id=611\" class=\"more-link\">More <span class=\"meta-nav\">&rarr;<\/span><\/a><\/p>\n","protected":false},"author":1,"featured_media":0,"parent":0,"menu_order":0,"comment_status":"closed","ping_status":"closed","template":"","meta":{"footnotes":""},"class_list":["post-611","page","type-page","status-publish","hentry"],"_links":{"self":[{"href":"https:\/\/iafgh.cat\/index.php?rest_route=\/wp\/v2\/pages\/611","targetHints":{"allow":["GET"]}}],"collection":[{"href":"https:\/\/iafgh.cat\/index.php?rest_route=\/wp\/v2\/pages"}],"about":[{"href":"https:\/\/iafgh.cat\/index.php?rest_route=\/wp\/v2\/types\/page"}],"author":[{"embeddable":true,"href":"https:\/\/iafgh.cat\/index.php?rest_route=\/wp\/v2\/users\/1"}],"replies":[{"embeddable":true,"href":"https:\/\/iafgh.cat\/index.php?rest_route=%2Fwp%2Fv2%2Fcomments&post=611"}],"version-history":[{"count":3,"href":"https:\/\/iafgh.cat\/index.php?rest_route=\/wp\/v2\/pages\/611\/revisions"}],"predecessor-version":[{"id":615,"href":"https:\/\/iafgh.cat\/index.php?rest_route=\/wp\/v2\/pages\/611\/revisions\/615"}],"wp:attachment":[{"href":"https:\/\/iafgh.cat\/index.php?rest_route=%2Fwp%2Fv2%2Fmedia&parent=611"}],"curies":[{"name":"wp","href":"https:\/\/api.w.org\/{rel}","templated":true}]}}