{"id":59,"date":"2014-01-11T23:25:46","date_gmt":"2014-01-11T23:25:46","guid":{"rendered":"https:\/\/iafgh.cat\/?page_id=59"},"modified":"2019-02-07T16:13:15","modified_gmt":"2019-02-07T16:13:15","slug":"entitats-amb-conveni","status":"publish","type":"page","link":"https:\/\/iafgh.cat\/?page_id=59","title":{"rendered":"Entitats"},"content":{"rendered":"<p><strong><em>Entitats amb conveni<\/em><\/strong>:<\/p>\n<p><strong>UNAM I LA ICGENHER<\/strong><a href=\"https:\/\/iafgh.cat\/wp-content\/uploads\/2014\/01\/Mexic.jpg\"><img loading=\"lazy\" decoding=\"async\" class=\"size-medium wp-image-64 alignright\" src=\"https:\/\/iafgh.cat\/wp-content\/uploads\/2014\/01\/Mexic-300x206.jpg\" alt=\"Mexic\" width=\"300\" height=\"206\" srcset=\"https:\/\/iafgh.cat\/wp-content\/uploads\/2014\/01\/Mexic-300x206.jpg 300w, https:\/\/iafgh.cat\/wp-content\/uploads\/2014\/01\/Mexic-280x192.jpg 280w, https:\/\/iafgh.cat\/wp-content\/uploads\/2014\/01\/Mexic.jpg 354w\" sizes=\"auto, (max-width: 300px) 100vw, 300px\" \/><\/a><\/p>\n<p>Recompte d&#8217;activitats\u00a0FES\u00a0Acatl\u00e1n\u00a0UNAM\u00a0&#8211;\u00a0ICGENHER.<br \/>\nA la Facultat d&#8217;Estudis Superiors\u00a0Acatl\u00e1n\u00a0l&#8217;estudi de la Paleografia es va iniciar el 1991, quan aquesta es va instituir com a mat\u00e8ria optativa per als estudiants de la carrera d&#8217;Hist\u00f2ria. A poc a poc, l&#8217;inter\u00e8s d&#8217;alumnes i professors va fer que s&#8217;impartissin alguns cursos extracurriculars i que, l&#8217;any 2005, la Paleografia s&#8217;elev\u00e9s a la categoria de mat\u00e8ria obligat\u00f2ria i la Diplom\u00e0tica s&#8217;establ\u00eds com a mat\u00e8ria optativa. No obstant aix\u00f2 tal avan\u00e7, l&#8217;inter\u00e8s per aprofundir en la teoria i la necessitat de desenvolupar una major habilitat en la lectura i transcripci\u00f3 dels objectes escrits, van portar projectar el que finalment es va iniciar el 8 de febrer de 2008 com Seminari Permanent de Paleografia i Diplom\u00e0tica de la Facultat d&#8217;Estudis Superiors\u00a0Acatl\u00e1n.<br \/>\n<a href=\"https:\/\/iafgh.cat\/wp-content\/uploads\/2014\/01\/IMG_3723.jpg\"><img loading=\"lazy\" decoding=\"async\" class=\"size-medium wp-image-959 alignleft\" src=\"https:\/\/iafgh.cat\/wp-content\/uploads\/2014\/01\/IMG_3723-300x169.jpg\" alt=\"img_3723\" width=\"300\" height=\"169\" srcset=\"https:\/\/iafgh.cat\/wp-content\/uploads\/2014\/01\/IMG_3723-300x169.jpg 300w, https:\/\/iafgh.cat\/wp-content\/uploads\/2014\/01\/IMG_3723-768x432.jpg 768w, https:\/\/iafgh.cat\/wp-content\/uploads\/2014\/01\/IMG_3723-1024x576.jpg 1024w, https:\/\/iafgh.cat\/wp-content\/uploads\/2014\/01\/IMG_3723-280x158.jpg 280w, https:\/\/iafgh.cat\/wp-content\/uploads\/2014\/01\/IMG_3723-660x371.jpg 660w\" sizes=\"auto, (max-width: 300px) 100vw, 300px\" \/><\/a>Ja despr\u00e9s, gr\u00e0cies a la intermediaci\u00f3 del doctor Gerard Mar\u00ed i Brull, al maig del 2012 es va signar un conveni de col\u00b7laboraci\u00f3 acad\u00e8mica amb la Instituci\u00f3 Catalana de Genealogia i Her\u00e0ldica (ICGENHER), mitjan\u00e7ant el qual s&#8217;han organitzat algunes activitats de gran rellev\u00e0ncia per a la nostra comunitat. Aix\u00ed, el 2 de maig de 2014, Armand de Fluvi\u00e0 i\u00a0Escorsa\u00a0va inaugurar el programa de v\u00eddeo\u00a0xerrades\u00a0amb el tema &#8220;Genealogia i la recerca dels avantpassats&#8221;; el 19 de setembre de 2014, el senyor\u00a0Joaquin\u00a0Casals i Nadal va explicar les caracter\u00edstiques del &#8220;Sistema General de Documentaci\u00f3 Familiar, GDS; el 5 mar\u00e7 del 2015 Armand de Fluvi\u00e0 va parlar als alumnes d&#8217;Her\u00e0ldica i t\u00e8cnica de blas\u00f3 &#8220;, el 30 d&#8217;abril de 2015, Gerard Mar\u00ed i Brull va exposar el tema de&#8221; Vexil\u00b7lologia&#8221; i finalment el 8 de mar\u00e7 de 2016 el Dr. Jordi Mestres va oferir una nova v\u00eddeo conferencia sobre \u201cGenealogia gen\u00e8tica\u201d.<\/p>\n<p><a href=\"https:\/\/iafgh.cat\/wp-content\/uploads\/2014\/01\/IMG_5435.jpg\"><img loading=\"lazy\" decoding=\"async\" class=\"alignnone  wp-image-955\" src=\"https:\/\/iafgh.cat\/wp-content\/uploads\/2014\/01\/IMG_5435-300x169.jpg\" alt=\"img_5435\" width=\"254\" height=\"143\" srcset=\"https:\/\/iafgh.cat\/wp-content\/uploads\/2014\/01\/IMG_5435-300x169.jpg 300w, https:\/\/iafgh.cat\/wp-content\/uploads\/2014\/01\/IMG_5435-768x432.jpg 768w, https:\/\/iafgh.cat\/wp-content\/uploads\/2014\/01\/IMG_5435-1024x576.jpg 1024w, https:\/\/iafgh.cat\/wp-content\/uploads\/2014\/01\/IMG_5435-280x158.jpg 280w, https:\/\/iafgh.cat\/wp-content\/uploads\/2014\/01\/IMG_5435-660x371.jpg 660w\" sizes=\"auto, (max-width: 254px) 100vw, 254px\" \/><\/a> <a href=\"https:\/\/iafgh.cat\/wp-content\/uploads\/2014\/01\/IMG_3388.jpg\"><img loading=\"lazy\" decoding=\"async\" class=\"alignnone  wp-image-953\" src=\"https:\/\/iafgh.cat\/wp-content\/uploads\/2014\/01\/IMG_3388-300x169.jpg\" alt=\"img_3388\" width=\"252\" height=\"142\" srcset=\"https:\/\/iafgh.cat\/wp-content\/uploads\/2014\/01\/IMG_3388-300x169.jpg 300w, https:\/\/iafgh.cat\/wp-content\/uploads\/2014\/01\/IMG_3388-768x432.jpg 768w, https:\/\/iafgh.cat\/wp-content\/uploads\/2014\/01\/IMG_3388-1024x576.jpg 1024w, https:\/\/iafgh.cat\/wp-content\/uploads\/2014\/01\/IMG_3388-280x158.jpg 280w, https:\/\/iafgh.cat\/wp-content\/uploads\/2014\/01\/IMG_3388-660x371.jpg 660w\" sizes=\"auto, (max-width: 252px) 100vw, 252px\" \/><\/a><\/p>\n<p><a href=\"https:\/\/iafgh.cat\/wp-content\/uploads\/2014\/01\/IMG_3747.jpg\"><img loading=\"lazy\" decoding=\"async\" class=\"alignnone  wp-image-960\" src=\"https:\/\/iafgh.cat\/wp-content\/uploads\/2014\/01\/IMG_3747-300x169.jpg\" alt=\"img_3747\" width=\"252\" height=\"142\" srcset=\"https:\/\/iafgh.cat\/wp-content\/uploads\/2014\/01\/IMG_3747-300x169.jpg 300w, https:\/\/iafgh.cat\/wp-content\/uploads\/2014\/01\/IMG_3747-768x432.jpg 768w, https:\/\/iafgh.cat\/wp-content\/uploads\/2014\/01\/IMG_3747-1024x576.jpg 1024w, https:\/\/iafgh.cat\/wp-content\/uploads\/2014\/01\/IMG_3747-280x158.jpg 280w, https:\/\/iafgh.cat\/wp-content\/uploads\/2014\/01\/IMG_3747-660x371.jpg 660w\" sizes=\"auto, (max-width: 252px) 100vw, 252px\" \/><\/a> <a href=\"https:\/\/iafgh.cat\/wp-content\/uploads\/2014\/01\/IMG_2683.jpg\"><img loading=\"lazy\" decoding=\"async\" class=\"alignnone  wp-image-958\" src=\"https:\/\/iafgh.cat\/wp-content\/uploads\/2014\/01\/IMG_2683-300x169.jpg\" alt=\"img_2683\" width=\"250\" height=\"141\" srcset=\"https:\/\/iafgh.cat\/wp-content\/uploads\/2014\/01\/IMG_2683-300x169.jpg 300w, https:\/\/iafgh.cat\/wp-content\/uploads\/2014\/01\/IMG_2683-768x432.jpg 768w, https:\/\/iafgh.cat\/wp-content\/uploads\/2014\/01\/IMG_2683-1024x576.jpg 1024w, https:\/\/iafgh.cat\/wp-content\/uploads\/2014\/01\/IMG_2683-280x158.jpg 280w, https:\/\/iafgh.cat\/wp-content\/uploads\/2014\/01\/IMG_2683-660x371.jpg 660w\" sizes=\"auto, (max-width: 250px) 100vw, 250px\" \/><\/a><\/p>\n<p><a href=\"https:\/\/iafgh.cat\/wp-content\/uploads\/2014\/01\/2016-03-08-17.56.30.jpg\"><img loading=\"lazy\" decoding=\"async\" class=\"alignnone  wp-image-956\" src=\"https:\/\/iafgh.cat\/wp-content\/uploads\/2014\/01\/2016-03-08-17.56.30-300x225.jpg\" alt=\"2016-03-08-17-56-30\" width=\"225\" height=\"169\" srcset=\"https:\/\/iafgh.cat\/wp-content\/uploads\/2014\/01\/2016-03-08-17.56.30-300x225.jpg 300w, https:\/\/iafgh.cat\/wp-content\/uploads\/2014\/01\/2016-03-08-17.56.30-280x210.jpg 280w, https:\/\/iafgh.cat\/wp-content\/uploads\/2014\/01\/2016-03-08-17.56.30.jpg 640w\" sizes=\"auto, (max-width: 225px) 100vw, 225px\" \/><\/a> <a href=\"https:\/\/iafgh.cat\/wp-content\/uploads\/2014\/01\/DSC_2054-1.jpg\"><img loading=\"lazy\" decoding=\"async\" class=\"alignnone size-medium wp-image-961\" src=\"https:\/\/iafgh.cat\/wp-content\/uploads\/2014\/01\/DSC_2054-1-300x169.jpg\" alt=\"dsc_2054-1\" width=\"300\" height=\"169\" srcset=\"https:\/\/iafgh.cat\/wp-content\/uploads\/2014\/01\/DSC_2054-1-300x169.jpg 300w, https:\/\/iafgh.cat\/wp-content\/uploads\/2014\/01\/DSC_2054-1-768x432.jpg 768w, https:\/\/iafgh.cat\/wp-content\/uploads\/2014\/01\/DSC_2054-1-1024x576.jpg 1024w, https:\/\/iafgh.cat\/wp-content\/uploads\/2014\/01\/DSC_2054-1-280x158.jpg 280w, https:\/\/iafgh.cat\/wp-content\/uploads\/2014\/01\/DSC_2054-1-660x371.jpg 660w\" sizes=\"auto, (max-width: 300px) 100vw, 300px\" \/><\/a><br \/>\nMolt comentada va ser l&#8217;organitzaci\u00f3 del 13 al 16 d&#8217;octubre del 2015 d&#8217;un Seminari Colomb\u00ed dirigit per Francesc Albardaner i\u00a0Llorens, qui de manera presencial va abordar els temes de la seva especialitat a la nostra Facultat i a la\u00a0Universitat del Claustre de Sor\u00a0Juana.<\/p>\n<p><a href=\"https:\/\/iafgh.cat\/wp-content\/uploads\/2014\/01\/IMG_4078.jpg\"><img loading=\"lazy\" decoding=\"async\" class=\" wp-image-962 alignleft\" src=\"https:\/\/iafgh.cat\/wp-content\/uploads\/2014\/01\/IMG_4078-300x200.jpg\" alt=\"img_4078\" width=\"273\" height=\"182\" srcset=\"https:\/\/iafgh.cat\/wp-content\/uploads\/2014\/01\/IMG_4078-300x200.jpg 300w, https:\/\/iafgh.cat\/wp-content\/uploads\/2014\/01\/IMG_4078-768x512.jpg 768w, https:\/\/iafgh.cat\/wp-content\/uploads\/2014\/01\/IMG_4078-1024x683.jpg 1024w, https:\/\/iafgh.cat\/wp-content\/uploads\/2014\/01\/IMG_4078-280x187.jpg 280w, https:\/\/iafgh.cat\/wp-content\/uploads\/2014\/01\/IMG_4078-660x440.jpg 660w\" sizes=\"auto, (max-width: 273px) 100vw, 273px\" \/><\/a>No podem oblidar en aquest recompte d&#8217;activitats, els dos articles dels nostres alumnes publicats a la\u00a0\u00a0\u00a0\u00a0, revista d&#8217;informaci\u00f3, an\u00e0lisi i investigaci\u00f3 de la\u00a0ICGENHER. En el n\u00famero quatre va apar\u00e8ixer, de\u00a0Silvia\u00a0Villarespe, l&#8217;article &#8220;Les falses genealogies en la Nova Espanya durant el segle XVIII: els\u00a0Farf\u00e1n\u00a0dels\u00a0Godos&#8221;, i en el seu n\u00famero 5, de Jos\u00e9\u00a0Gerardo\u00a0Aguilar Pineda, &#8220;La influ\u00e8ncia de les idees gentils en la Nova Espanya: la petici\u00f3 del senyor Nicolau de Silva L\u00f3pez\u00a0Moya\u00a0i\u00a0Carre\u00f1o &#8220;.<\/p>\n<p><a href=\"https:\/\/iafgh.cat\/wp-content\/uploads\/2014\/01\/IMG_4072.jpg\"><img loading=\"lazy\" decoding=\"async\" class=\"size-medium wp-image-963 alignleft\" src=\"https:\/\/iafgh.cat\/wp-content\/uploads\/2014\/01\/IMG_4072-300x200.jpg\" alt=\"img_4072\" width=\"300\" height=\"200\" srcset=\"https:\/\/iafgh.cat\/wp-content\/uploads\/2014\/01\/IMG_4072-300x200.jpg 300w, https:\/\/iafgh.cat\/wp-content\/uploads\/2014\/01\/IMG_4072-768x512.jpg 768w, https:\/\/iafgh.cat\/wp-content\/uploads\/2014\/01\/IMG_4072-1024x683.jpg 1024w, https:\/\/iafgh.cat\/wp-content\/uploads\/2014\/01\/IMG_4072-280x187.jpg 280w, https:\/\/iafgh.cat\/wp-content\/uploads\/2014\/01\/IMG_4072-660x440.jpg 660w\" sizes=\"auto, (max-width: 300px) 100vw, 300px\" \/><\/a>Despr\u00e9s de m\u00e9s d&#8217;un lustre d&#8217;haver signat el conveni acad\u00e8mic, el Seminari Permanent de Paleografia i Diplom\u00e0tica de la\u00a0FES\u00a0Acatl\u00e1n\u00a0agraeix a la\u00a0ICGENHER\u00a0les seves atencions i generositat, ja que les activitats\u00a0de les quals\u00a0hem fet breu recompte han repercutit, sens dubte, en la formaci\u00f3 acad\u00e8mica dels nostres alumnes.<\/p>\n<p>Prof.\u00a0Miguel\u00a0\u00c1ngel\u00a0Cer\u00f3n\u00a0Ruiz<\/p>\n<p><a href=\"https:\/\/iafgh.cat\/wp-content\/uploads\/2014\/01\/foto.jpg\"><img loading=\"lazy\" decoding=\"async\" class=\"size-medium wp-image-60 alignleft\" src=\"https:\/\/iafgh.cat\/wp-content\/uploads\/2014\/01\/foto-300x224.jpg\" alt=\"OLYMPUS DIGITAL CAMERA\" width=\"300\" height=\"224\" srcset=\"https:\/\/iafgh.cat\/wp-content\/uploads\/2014\/01\/foto-300x224.jpg 300w, https:\/\/iafgh.cat\/wp-content\/uploads\/2014\/01\/foto-280x209.jpg 280w, https:\/\/iafgh.cat\/wp-content\/uploads\/2014\/01\/foto.jpg 595w\" sizes=\"auto, (max-width: 300px) 100vw, 300px\" \/><\/a><\/p>\n<p><strong>\u00d2MNIUM I LA ICGENHER<\/strong><br \/>\nEl dijous 15 de mar\u00e7 a les 17 h. de la tarda a la seu d\u2019\u00d2mnium Cultural, es va signar un conveni de col\u00b7laboraci\u00f3 entre \u00d2mnium i la ICGenHer.<\/p>\n<p>D\u2019una part, Muriel Casals, en qualitat de presidenta de l\u2019associaci\u00f3 \u00d2mnium Cultural, i de l\u2019altra part, Armand de Fluvi\u00e0 en qualitat de president de la Instituci\u00f3 Catalana de Genealogia i Her\u00e0ldica.<\/p>\n<p><em>Signatura de conveni i col\u00b7laboraci\u00f3<\/em>.<\/p>\n<p><img loading=\"lazy\" decoding=\"async\" class=\"wp-image-65 alignright\" src=\"https:\/\/iafgh.cat\/wp-content\/uploads\/2014\/01\/goto-300x224.jpg\" alt=\"OLYMPUS DIGITAL CAMERA\" width=\"252\" height=\"188\" srcset=\"https:\/\/iafgh.cat\/wp-content\/uploads\/2014\/01\/goto-300x224.jpg 300w, https:\/\/iafgh.cat\/wp-content\/uploads\/2014\/01\/goto-280x209.jpg 280w, https:\/\/iafgh.cat\/wp-content\/uploads\/2014\/01\/goto.jpg 595w\" sizes=\"auto, (max-width: 252px) 100vw, 252px\" \/><\/p>\n<p>Les parts van compartir i constatar que la complexitat de la societat actual requereix una col\u00b7laboraci\u00f3 i una voluntat de promoure la cultura catalana. En aquest sentit \u00d2mnium valorar\u00e0 el suport a les activitats, projectes, jornades que organitzi la ICGenHer i s\u2019acorda que \u00d2mnium cedir\u00e0 un espai, sala d\u2019actes o sala per reunions, a ICGenHer.<\/p>\n<p style=\"text-align: left;\">Van signar aquest document com\u00a0a prova de m\u00fatua\u00a0conformitat<span style=\"font-size: 14px; line-height: 1.5;\">.<\/span><\/p>\n<p><strong>ATENEU\u00a0 BARCELON\u00c8S I LA ICGENHER<\/strong><\/p>\n<p>Signatura de conveni de l\u2019Ateneu Barcelon\u00e8s i la ICGenHer<br \/>\nDimarts 28 de febrer a la seu de l\u2019Ateneu Barcelon\u00e8s \u00e9s va signar a tres quarts de sis de la tarda un conveni de relaci\u00f3 entre l\u2019AB i la ICGenHer.<\/p>\n<p>D\u2019una part el president Francesc Cabana i Vancells i de l\u2019altra el president Armand de Fluvi\u00e0 i Escorsa, van signar el conveni.<\/p>\n<p><img loading=\"lazy\" decoding=\"async\" class=\"size-medium wp-image-66 alignleft\" src=\"https:\/\/iafgh.cat\/wp-content\/uploads\/2014\/01\/Ateneu-300x200.jpg\" alt=\"Ateneu\" width=\"300\" height=\"200\" srcset=\"https:\/\/iafgh.cat\/wp-content\/uploads\/2014\/01\/Ateneu-300x200.jpg 300w, https:\/\/iafgh.cat\/wp-content\/uploads\/2014\/01\/Ateneu-280x187.jpg 280w, https:\/\/iafgh.cat\/wp-content\/uploads\/2014\/01\/Ateneu-660x441.jpg 660w, https:\/\/iafgh.cat\/wp-content\/uploads\/2014\/01\/Ateneu.jpg 969w\" sizes=\"auto, (max-width: 300px) 100vw, 300px\" \/><\/p>\n<p><span style=\"font-size: 14px; line-height: 1.5;\">Les dues institucions faran, almen<\/span><span style=\"font-size: 14px; line-height: 1.5;\">ys una vegada a l\u2019any, reunions de seguiment i valoraci\u00f3 de l\u2019activitat duta a terme de forma conjunta.\u00a0<\/span>En representaci\u00f3 d\u2019ambdues entitats, tot desitjant deixar const\u00e0ncia de la seva voluntat en el marc de col\u00b7laboraci\u00f3 reflectit en aquest conveni per a propostes d\u2019activitats culturals, i d\u2019altres que les dues entitats considerin d\u2019inter\u00e8s com\u00fa.<\/p>\n<p>I en prova de conformitat, van signar aquest document.<\/p>\n<p><strong>Informaci\u00f3<\/strong>: \u00a0<a href=\"mailto:correu@icgenher.cat\" target=\"_blank\" rel=\"noopener\">correu@icgenher.cat<\/a><\/p>\n","protected":false},"excerpt":{"rendered":"<p>Entitats amb conveni: UNAM I LA ICGENHER Recompte d&#8217;activitats\u00a0FES\u00a0Acatl\u00e1n\u00a0UNAM\u00a0&#8211;\u00a0ICGENHER. A la Facultat d&#8217;Estudis Superiors\u00a0Acatl\u00e1n\u00a0l&#8217;estudi de la Paleografia es va iniciar el 1991, quan aquesta es va instituir com a mat\u00e8ria optativa per als estudiants de la carrera d&#8217;Hist\u00f2ria. A poc a poc, l&#8217;inter\u00e8s d&#8217;alumnes i professors va fer que s&#8217;impartissin alguns cursos extracurriculars i que, &#8230;<\/p>\n<p><a href=\"https:\/\/iafgh.cat\/?page_id=59\" class=\"more-link\">More <span class=\"meta-nav\">&rarr;<\/span><\/a><\/p>\n","protected":false},"author":1,"featured_media":0,"parent":0,"menu_order":0,"comment_status":"closed","ping_status":"open","template":"","meta":{"footnotes":""},"class_list":["post-59","page","type-page","status-publish","hentry"],"_links":{"self":[{"href":"https:\/\/iafgh.cat\/index.php?rest_route=\/wp\/v2\/pages\/59","targetHints":{"allow":["GET"]}}],"collection":[{"href":"https:\/\/iafgh.cat\/index.php?rest_route=\/wp\/v2\/pages"}],"about":[{"href":"https:\/\/iafgh.cat\/index.php?rest_route=\/wp\/v2\/types\/page"}],"author":[{"embeddable":true,"href":"https:\/\/iafgh.cat\/index.php?rest_route=\/wp\/v2\/users\/1"}],"replies":[{"embeddable":true,"href":"https:\/\/iafgh.cat\/index.php?rest_route=%2Fwp%2Fv2%2Fcomments&post=59"}],"version-history":[{"count":9,"href":"https:\/\/iafgh.cat\/index.php?rest_route=\/wp\/v2\/pages\/59\/revisions"}],"predecessor-version":[{"id":1518,"href":"https:\/\/iafgh.cat\/index.php?rest_route=\/wp\/v2\/pages\/59\/revisions\/1518"}],"wp:attachment":[{"href":"https:\/\/iafgh.cat\/index.php?rest_route=%2Fwp%2Fv2%2Fmedia&parent=59"}],"curies":[{"name":"wp","href":"https:\/\/api.w.org\/{rel}","templated":true}]}}