{"id":536,"date":"2015-02-18T10:24:37","date_gmt":"2015-02-18T10:24:37","guid":{"rendered":"https:\/\/iafgh.cat\/?page_id=536"},"modified":"2015-02-18T10:24:42","modified_gmt":"2015-02-18T10:24:42","slug":"genealogia-genetica","status":"publish","type":"page","link":"https:\/\/iafgh.cat\/?page_id=536","title":{"rendered":"Genealogia gen\u00e8tica"},"content":{"rendered":"<p>La genealogia es, com indica la seva etimologia, l&#8217;estudi de la descend\u00e8ncia (i\/o ascend\u00e8ncia) d&#8217;una persona o fam\u00edlia. Tradicionalment, la genealogia s&#8217;ha basat en la recopilaci\u00f3 d&#8217;evid\u00e8ncies documentals, principalment registres civils, parroquials, i notarials, de les quals es poden extreure les relacions de filiaci\u00f3 a cada generaci\u00f3. De totes maneres, \u00e9s important tenir sempre ben present que cap document, civil o parroquial, representa proba biol\u00f2gica de filiaci\u00f3. De fet, estudis recents realitzats en diversos pa\u00efsos han demostrat que entre un 1% i un 2% dels casos analitzats la persona registrada com a pare en la partida de naixement no era el pare biol\u00f2gic. Les conseq\u00fc\u00e8ncies d&#8217;aquests resultats gen\u00e8tics per la genealogia s\u00f3n \u00f2bviament importants.<\/p>\n<p>En els darrers dos anys, els aven\u00e7os tecnol\u00f2gics en la realitzaci\u00f3 de proves d&#8217;ADN han perm\u00e8s reduir-ne els costos a un nivell assequible per a la poblaci\u00f3 en general. Aix\u00f2 ha perm\u00e8s el desenvolupament d&#8217;una nova branca de la genealogia, l&#8217;anomenada genealogia gen\u00e8tica, que t\u00e9 com a principal objectiu l&#8217;estudi gen\u00e8tic de l\u00ednies geneal\u00f2giques i relacions de parentesc a gran escala en base a la informaci\u00f3 gen\u00e8tica de cada individu. La confer\u00e8ncia presentar\u00e0 els detalls dels diferents tipus de tests gen\u00e8tics i la seva interpretaci\u00f3 geneal\u00f2gica.<\/p>\n<p><strong>Jordi Mestres<\/strong>,\u00a0\u00e9s llicenciat en qu\u00edmica per la Universitat Aut\u00f2noma de Barcelona i doctor en qu\u00edmica computacional per la Universitat de Girona (1996).<\/p>\n<p><strong>Informaci\u00f3<\/strong>: \u00a0<a style=\"font-style: inherit; font-weight: inherit;\" href=\"mailto:correu@icgenher.cat\">correu@icgenher.cat<\/a><\/p>\n","protected":false},"excerpt":{"rendered":"<p>La genealogia es, com indica la seva etimologia, l&#8217;estudi de la descend\u00e8ncia (i\/o ascend\u00e8ncia) d&#8217;una persona o fam\u00edlia. Tradicionalment, la genealogia s&#8217;ha basat en la recopilaci\u00f3 d&#8217;evid\u00e8ncies documentals, principalment registres civils, parroquials, i notarials, de les quals es poden extreure les relacions de filiaci\u00f3 a cada generaci\u00f3. De totes maneres, \u00e9s important tenir sempre ben &#8230;<\/p>\n<p><a href=\"https:\/\/iafgh.cat\/?page_id=536\" class=\"more-link\">More <span class=\"meta-nav\">&rarr;<\/span><\/a><\/p>\n","protected":false},"author":1,"featured_media":0,"parent":0,"menu_order":0,"comment_status":"closed","ping_status":"closed","template":"","meta":{"footnotes":""},"class_list":["post-536","page","type-page","status-publish","hentry"],"_links":{"self":[{"href":"https:\/\/iafgh.cat\/index.php?rest_route=\/wp\/v2\/pages\/536","targetHints":{"allow":["GET"]}}],"collection":[{"href":"https:\/\/iafgh.cat\/index.php?rest_route=\/wp\/v2\/pages"}],"about":[{"href":"https:\/\/iafgh.cat\/index.php?rest_route=\/wp\/v2\/types\/page"}],"author":[{"embeddable":true,"href":"https:\/\/iafgh.cat\/index.php?rest_route=\/wp\/v2\/users\/1"}],"replies":[{"embeddable":true,"href":"https:\/\/iafgh.cat\/index.php?rest_route=%2Fwp%2Fv2%2Fcomments&post=536"}],"version-history":[{"count":1,"href":"https:\/\/iafgh.cat\/index.php?rest_route=\/wp\/v2\/pages\/536\/revisions"}],"predecessor-version":[{"id":538,"href":"https:\/\/iafgh.cat\/index.php?rest_route=\/wp\/v2\/pages\/536\/revisions\/538"}],"wp:attachment":[{"href":"https:\/\/iafgh.cat\/index.php?rest_route=%2Fwp%2Fv2%2Fmedia&parent=536"}],"curies":[{"name":"wp","href":"https:\/\/api.w.org\/{rel}","templated":true}]}}