{"id":48,"date":"2014-01-11T23:12:37","date_gmt":"2014-01-11T23:12:37","guid":{"rendered":"https:\/\/iafgh.cat\/?page_id=48"},"modified":"2015-10-22T13:46:34","modified_gmt":"2015-10-22T13:46:34","slug":"banderes-dels-paisos-catalans","status":"publish","type":"page","link":"https:\/\/iafgh.cat\/?page_id=48","title":{"rendered":"Banderes dels Pa\u00efsos Catalans"},"content":{"rendered":"<p align=\"center\">Armand de Fluvi\u00e0 i Escorsa<\/p>\n<p>L\u2019\u00e0rea dels anomenats Pa\u00efsos Catalans \u00e9s constitu\u00efda, dins l\u2019Estat espanyol, per tres pa\u00efsos: Catalunya, Pa\u00eds Valenci\u00e0 i les Illes Balears i hi ha hagut, i encara hi ha, algun problema o discussi\u00f3 pel que fa a llurs banderes, que voldria aclarir o, almenys, intentar-ho, des d\u2019una posici\u00f3 no polititzada, el m\u00e9s objectiva possible. El que \u00e9s indiscutible i fora de tot dubte (per m\u00e9s que alguns historiadors aragonesos s\u2019entestin a negar-ho, pretenent que \u00e9s aragonesa) \u00e9s que la bandera de Catalunya, una de les m\u00e9s antigues d\u2019Europa, si no la m\u00e9s antiga, \u00e9s la bandera que origin\u00e0riament era dels comtes de Barcelona, de la seva fam\u00edlia, de la seva dinastia (la dinastia Bel\u00b7l\u00f2nida), i que, per la seva pr\u00f2pia voluntat va \u00e9sser territorialitzada a finals del segle XIV al comtat de Barcelona, que \u00e9s el mateix que dir al Principat de Catalunya. Perqu\u00e8 aquest ens geogr\u00e0fic no \u00e9s res m\u00e9s que el nom que aplega els comtats o territoris que els comtes de Barcelona van anar fent seus a trav\u00e9s d\u2019enlla\u00e7os, incorporacions o pactes de vassallatge: Girona el 878, Osona vers el 879, Besal\u00fa el 1111, Cerdanya el 1117, Tarragona el 1157, Rossell\u00f3 el 1172, Pallars Juss\u00e0 el 1192, Urgell el 1314 (o si hom vol el 1414), Emp\u00faries el 1325 (o si hom vol, el 1401) i Pallars Sobir\u00e0 el 1481, per aix\u00f2 l\u2019himne nacional de Catalunya, \u201cEls Segadors\u201d, diu, en una de les seves estrofes, \u201cCatalunya comtat gran\u201d. Pel que fa a la territorialitzaci\u00f3, podreu veure i comprovar que \u00e9s clar\u00edssima en les pr\u00f2pies paraules dels nostres sobirans (propietaris indiscutibles de l\u2019ensenya i de l\u2019escut), en aquests dos exemples:<\/p>\n<p>a) El Parlament de Barcelona, de 1396. La reina Maria de Luna, una aragonesa -cal remarcar-ho- en relaci\u00f3 a la tramesa d\u2019un estol per anar a Sic\u00edlia a recollir el seu marit, el comte-rei Mart\u00ed I l\u2019Hum\u00e0, va dir \u201c<em>que les galeas no porten banderas [&#8230;] sin\u00f3 del comptat de Barchelona, \u00e7o \u00e9s, barres grogues e vermelles tantsolament<\/em>\u201d.<\/p>\n<p>b) Les Corts catalanes de Perpiny\u00e0, de 1406. El mateix comte-rei, Mart\u00ed I, va manifestar que el seu besavi (el comte-rei Jaume II), quan el 1323 va enviar el seu fill Alfons (futur comte-rei Alfons III el Benigne), a la conquesta de Sardenya, li va fer a mans la bandera tot dient-li \u201c<em>fill, jo us dono la<\/em><em> bandera nostra antiga del Principat de Catalunya<\/em>, la nostra bandera reial\u201d.<\/p>\n<p>Per\u00f2 \u00e9s que hi ha molts m\u00e9s exemples en textos semblants. N\u2019hi ha un, per\u00f2, on l\u2019evid\u00e8ncia \u00e9s palesa: les Corts aragoneses de 1678, van aprovar\u00a0<em>que las vanderas de las compa\u00f1\u00edas lleven los bastones de Borgonya en el mejor lugar y para que se diferen<\/em><em>cien de los de Catalu\u00f1a.<\/em><i>\u00a0<\/i>M\u00e9s clar, l\u2019aigua. Doncs b\u00e9, penso\u00a0 que \u00e9s evident que l\u2019\u00fanic pa\u00eds que pot ostentar la bandera groga i vermella quadrifaixada sense cap additament \u00e9s el Principat de Catalunya (amb la Catalunya Nord inclosa). Ara b\u00e9, aix\u00f2 no vol dir que els altres territoris que van formar part de la Corona d\u2019Arag\u00f3 no puguin usar tamb\u00e9 el senyal dels comtes de Barcelona, que van ser llurs sobirans. \u00c9s l\u00f2gic i evident.<\/p>\n<p>Passem ara a veure quines s\u00f3n o quines haurien de ser les banderes dels pa\u00efsos que van formar part de l\u2019antiga Corona d\u2019Arag\u00f3:<\/p>\n<p align=\"center\"><a href=\"https:\/\/iafgh.cat\/wp-content\/uploads\/2014\/01\/Bandera11.jpg\"><img loading=\"lazy\" decoding=\"async\" class=\" size-full wp-image-702 alignleft\" src=\"https:\/\/iafgh.cat\/wp-content\/uploads\/2014\/01\/Bandera11.jpg\" alt=\"Bandera1\" width=\"142\" height=\"95\" \/><\/a><\/p>\n<p><strong>Sardenya<\/strong>. Aqu\u00ed no hi ha problema perqu\u00e8 la seva bandera (usada des del segle XV i oficialitzada pel govern itali\u00e0 el 1952), \u00e9s blanca amb una creu plena vermella cantonada de 4 caps de moro negres. Aquesta bandera figura tamb\u00e9 al tercer quarter de l\u2019escut oficial d\u2019Arag\u00f3 i els aragonesos l\u2019anomenen\u00a0<em>Cruz de Alcoraz<\/em><i>\u00a0<\/i>(\u00c9s la creu que els\u00a0nostres sobirans anomenaven \u201csenyal antich Darag\u00f3\u201d).<\/p>\n<p><a href=\"https:\/\/iafgh.cat\/wp-content\/uploads\/2014\/01\/Bandar3.jpg\"><img loading=\"lazy\" decoding=\"async\" class=\" size-full wp-image-704 alignleft\" src=\"https:\/\/iafgh.cat\/wp-content\/uploads\/2014\/01\/Bandar3.jpg\" alt=\"Bandar3\" width=\"140\" height=\"93\" \/><\/a><\/p>\n<p><strong>Mallorca o les Illes<\/strong><em>.<\/em><i>\u00a0<\/i>Prescindint de si era la de la Ciutat de Mallorca o la de tot el regne, prescindint de si el color del pal, al pal de la bandera, ha de ser morat o blau, i de si el castell blanc ha d\u2019anar vertical (que seria el m\u00e9s correcte) o tombat o ha de tenir tres o cinc torres, la bandera \u00e9s groga amb quatre faixes vermelles i un pal morat al pal, amb un castell blanc, al centre.<\/p>\n<p align=\"center\"><a href=\"https:\/\/iafgh.cat\/wp-content\/uploads\/2014\/01\/Bandara4.jpg\"><img loading=\"lazy\" decoding=\"async\" class=\" size-full wp-image-705 alignleft\" src=\"https:\/\/iafgh.cat\/wp-content\/uploads\/2014\/01\/Bandara4.jpg\" alt=\"Bandara4\" width=\"138\" height=\"92\" \/><\/a><\/p>\n<p><strong>Val\u00e8ncia<\/strong>. La meva opini\u00f3, prescindint tamb\u00e9 de si era la bandera de la Ciutat de Val\u00e8ncia o de tot el regne i de si la corona ha d\u2019anar dreta (que seria el m\u00e9s correcte) o tombada (i no aquesta mena de filigrana que han posat), \u00e9s que hauria de ser groga, amb quatre faixes vermelles i un pal blau al pal de la bandera amb una corona (o coronell) reial groga, al centre.<\/p>\n<p><a href=\"https:\/\/iafgh.cat\/wp-content\/uploads\/2014\/01\/bandera5.jpg\"><img loading=\"lazy\" decoding=\"async\" class=\" size-full wp-image-706 alignleft\" src=\"https:\/\/iafgh.cat\/wp-content\/uploads\/2014\/01\/bandera5.jpg\" alt=\"bandera5\" width=\"135\" height=\"90\" \/><\/a><br \/>\n<strong>Arag\u00f3<\/strong>. El m\u00e9s l\u00f2gic seria que la bandera aragonesa fos groga, amb quatre faixes vermelles i un pal blau al pal amb la creu blanca d\u2019A\u00ednsa o d\u2019\u00c8nyec Arista, a la part superior. Els propis reis d\u2019Arag\u00f3 del Casal de Barcelona diuen que \u00e9s el senyal antic del regne d\u2019Arag\u00f3. Alguns exemples:\u00a0<em>Se\u00f1ales Darag\u00f3n antiguos, y es saber, el campo c\u00e1rdano y las cruzas<\/em><em> blanchas, segund que antigament los Reyes Darag\u00f3n los solian fazer<\/em><i>\u00a0<\/i>(Pere el Cerimoni\u00f3s, 1373); \u201csenyal antich d\u2019Arag\u00f3, lo camp blau e la creu blancha\u201d (Joan I, 1384); \u201cdos draps blaus de terre ab creu blanca Darag\u00f3\u2026 un estandart de tafet\u00e0 blau ab creu blanca Darag\u00f3\u2026 tres senyals Darag\u00f3 de la creu blanca\u201d (reina Margarida de Prades, 1410), etc. Els municipis de la Franja de Ponent hi resten inclosos.<\/p>\n<p align=\"center\"><a href=\"https:\/\/iafgh.cat\/wp-content\/uploads\/2014\/01\/bandar51.jpg\"><img loading=\"lazy\" decoding=\"async\" class=\" size-full wp-image-708 alignleft\" src=\"https:\/\/iafgh.cat\/wp-content\/uploads\/2014\/01\/bandar51.jpg\" alt=\"bandar5\" width=\"140\" height=\"92\" \/><\/a><\/p>\n<p>Si, algun dia, els anomenats\u00a0<strong>Pa\u00efsos Catalans<\/strong>\u00a0s\u2019arribessin a constituir en una sola naci\u00f3, en aquell moment i, nom\u00e9s aleshores, la bandera indiscutible del conjunt d\u2019aquests Pa\u00efsos podria ser la groga amb les quatre faixes vermelles, sense cap m\u00e9s additament.<\/p>\n<p><strong>Per\u00f2, i Catalunya, quina tindria aleshores?<\/strong> Penso que el m\u00e9s indicat seria una bandera groga amb quatre faixes vermelles i un Pal blanc al pal, amb la creu plena vermella anomenada de Sant Jordi. Hi resta inclosa la Catalunya Nord, perqu\u00e8 \u00e9s una part del Principat.<\/p>\n<p style=\"text-align: center;\" align=\"right\"><a href=\"https:\/\/iafgh.cat\/wp-content\/uploads\/2014\/01\/bande6.jpg\"><img loading=\"lazy\" decoding=\"async\" class=\"alignnone size-full wp-image-707\" src=\"https:\/\/iafgh.cat\/wp-content\/uploads\/2014\/01\/bande6.jpg\" alt=\"bande6\" width=\"138\" height=\"92\" \/><\/a><\/p>\n<p align=\"right\"><em>Banderes dibuixades per Xavi Garcia i Mesa<\/em><\/p>\n<p align=\"right\"><strong>Informaci\u00f3<\/strong>: \u00a0<a href=\"mailto:correu@icgenher.cat\" target=\"_blank\">correu@icgenher.cat<\/a><\/p>\n","protected":false},"excerpt":{"rendered":"<p>Armand de Fluvi\u00e0 i Escorsa L\u2019\u00e0rea dels anomenats Pa\u00efsos Catalans \u00e9s constitu\u00efda, dins l\u2019Estat espanyol, per tres pa\u00efsos: Catalunya, Pa\u00eds Valenci\u00e0 i les Illes Balears i hi ha hagut, i encara hi ha, algun problema o discussi\u00f3 pel que fa a llurs banderes, que voldria aclarir o, almenys, intentar-ho, des d\u2019una posici\u00f3 no polititzada, el &#8230;<\/p>\n<p><a href=\"https:\/\/iafgh.cat\/?page_id=48\" class=\"more-link\">More <span class=\"meta-nav\">&rarr;<\/span><\/a><\/p>\n","protected":false},"author":1,"featured_media":49,"parent":0,"menu_order":0,"comment_status":"closed","ping_status":"open","template":"","meta":{"footnotes":""},"class_list":["post-48","page","type-page","status-publish","has-post-thumbnail","hentry"],"_links":{"self":[{"href":"https:\/\/iafgh.cat\/index.php?rest_route=\/wp\/v2\/pages\/48","targetHints":{"allow":["GET"]}}],"collection":[{"href":"https:\/\/iafgh.cat\/index.php?rest_route=\/wp\/v2\/pages"}],"about":[{"href":"https:\/\/iafgh.cat\/index.php?rest_route=\/wp\/v2\/types\/page"}],"author":[{"embeddable":true,"href":"https:\/\/iafgh.cat\/index.php?rest_route=\/wp\/v2\/users\/1"}],"replies":[{"embeddable":true,"href":"https:\/\/iafgh.cat\/index.php?rest_route=%2Fwp%2Fv2%2Fcomments&post=48"}],"version-history":[{"count":3,"href":"https:\/\/iafgh.cat\/index.php?rest_route=\/wp\/v2\/pages\/48\/revisions"}],"predecessor-version":[{"id":709,"href":"https:\/\/iafgh.cat\/index.php?rest_route=\/wp\/v2\/pages\/48\/revisions\/709"}],"wp:featuredmedia":[{"embeddable":true,"href":"https:\/\/iafgh.cat\/index.php?rest_route=\/wp\/v2\/media\/49"}],"wp:attachment":[{"href":"https:\/\/iafgh.cat\/index.php?rest_route=%2Fwp%2Fv2%2Fmedia&parent=48"}],"curies":[{"name":"wp","href":"https:\/\/api.w.org\/{rel}","templated":true}]}}