{"id":43,"date":"2014-01-11T23:09:40","date_gmt":"2014-01-11T23:09:40","guid":{"rendered":"https:\/\/iafgh.cat\/?page_id=43"},"modified":"2015-11-18T10:13:27","modified_gmt":"2015-11-18T10:13:27","slug":"catalunya-un-pais-sense-escut","status":"publish","type":"page","link":"https:\/\/iafgh.cat\/?page_id=43","title":{"rendered":"Catalunya un pa\u00eds sense escut"},"content":{"rendered":"<p align=\"center\">Armand de Fluvi\u00e0 i Escorsa<\/p>\n<p>Com diu la bona amiga Dra. Eul\u00e0lia Duran i Grau, \u201cTotes les nacions han procurat forjar la pr\u00f2pia imatge, una imatge que \u00e9s estimada i en la qual hom creu. Una imatge constru\u00efda per un entramat ideol\u00f2gic fet a base de mites, de llegendes, de s\u00edmbols\u2026L\u2019origen de les nacions ha estat motiu d\u2019inter\u00e8s, i les llegendes han servit per explicar-les. Al segle XV, tot Europa recorregu\u00e9 a les seves pr\u00f2pies llegendes i en forj\u00e0 de noves per tal de prestigiar-les\u2026\u201d. I, com deia al meu llibre \u201cEls Quatre Pals, l\u2019escut dels comtes de Barcelona\u201d (1994), aquesta descripci\u00f3 sobre la funci\u00f3 social de les llegendes, es pot aplicar perfectament a l\u2019explicaci\u00f3 de l\u2019origen de l\u2019escut dels comtes de Barcelona, que havia esdevingut, fins ara un dels dos s\u00edmbols de la naci\u00f3 catalana, de Catalunya. Per\u00f2 amb la promulgaci\u00f3 de l\u2019Estatut de Catalunya, el nostre \u00e9s l\u2019\u00fanic pa\u00eds de tot el m\u00f3n que no t\u00e9 escut. Tamb\u00e9 \u00e9s l\u2019 \u00fanica autonomia de l\u2019 Estat espanyol que no en t\u00e9.<\/p>\n<p>El primer escut que va apar\u00e8ixer a la Pen\u00ednsula Ib\u00e8rica, i el segon d\u2019Europa, \u00e9s el dels comtes de Barcelona, del qual tenim const\u00e0ncia i prova des del 1150. Es tracta d\u2019un escut d\u2019or (o groc) amb quatre pals de gules (o vermells). Antigament dels pals her\u00e0ldics en deien \u201cbarres\u201d i popularment encara molta gent els esmenta err\u00f2niament d\u2019aquesta manera. En la ci\u00e8ncia o disciplina her\u00e0ldica, les franges verticals s\u00f3n pals, les horitzontals s\u00f3n faixes, les diagonals de dalt a l\u2019esquerra a baix a la dreta s\u00f3n bandes i de dalt a la dreta a baix a l\u2019esquerra s\u00f3n barres. Per tant, cient\u00edficament, t\u00e8cnicament i acad\u00e8micament no \u00e9s correcte dir barres al que s\u00f3n pals.<\/p>\n<p>&nbsp;<\/p>\n<p style=\"text-align: center;\"><a href=\"https:\/\/iafgh.cat\/wp-content\/uploads\/2014\/01\/bandar51.jpg\"><img loading=\"lazy\" decoding=\"async\" class=\"alignnone size-full wp-image-708\" src=\"https:\/\/iafgh.cat\/wp-content\/uploads\/2014\/01\/bandar51.jpg\" alt=\"bandar5\" width=\"140\" height=\"92\" \/><\/a><\/p>\n<p>La bandera o ensenya dels comtes de Barcelona fou com llur escut per\u00f2 en ella els pals esdevingueren faixes, o sigui franges horitzontals, tampoc barres.<\/p>\n<p>La bandera dels comtes de Barcelona, despr\u00e9s comtes-reis, i conseq\u00fcentment l\u2019escut,\u00a0foren territorialitzats, o sigui, esdevingueren propis del Principat de Catalunya, per voluntat dels nostres sobirans. Efectivament, el comte-rei Mart\u00ed I l\u2019 Hum\u00e0, a la proposici\u00f3 (discurs de la Corona) que va fer a les Corts catalanes celebrades a Perpiny\u00e0 el 1406, va manifestar que el seu besavi, el comte-rei Jaume II, quan va enviar el seu fill Alfons (el futur comte-rei Alfons III el Benigne) a la conquesta de Sardenya (1323), li va fer a mans la bandera tot dient-li: \u201cfill jo us dono la bandera nostra antiga del Principat de Catalunya, la nostra bandera reial\u201d. La mateixa consideraci\u00f3 li donen les reines Maria de Luna i Margarida de Prades.<\/p>\n<p>Com a Assessor d\u2019Her\u00e0ldica i Genealogia de Catalunya que s\u00f3c per nomenament presidencial, i tamb\u00e9 com a president de la Instituci\u00f3 Catalana de Genealogia i Her\u00e0ldica, fa anys que gent del pa\u00eds i de fora ens pregunta i vol saber quin \u00e9s l\u2019escut de Catalunya com a pa\u00eds, i hem de respondre que oficialment no en t\u00e9.<\/p>\n<p style=\"text-align: right;\"><em>Escut i bandera de Xavier Garcia<\/em><\/p>\n<p style=\"text-align: right;\"><strong>Informaci\u00f3<\/strong>: \u00a0<a href=\"mailto:correu@icgenher.cat\" target=\"_blank\">correu@icgenher.cat<\/a><\/p>\n","protected":false},"excerpt":{"rendered":"<p>Armand de Fluvi\u00e0 i Escorsa Com diu la bona amiga Dra. Eul\u00e0lia Duran i Grau, \u201cTotes les nacions han procurat forjar la pr\u00f2pia imatge, una imatge que \u00e9s estimada i en la qual hom creu. Una imatge constru\u00efda per un entramat ideol\u00f2gic fet a base de mites, de llegendes, de s\u00edmbols\u2026L\u2019origen de les nacions ha &#8230;<\/p>\n<p><a href=\"https:\/\/iafgh.cat\/?page_id=43\" class=\"more-link\">More <span class=\"meta-nav\">&rarr;<\/span><\/a><\/p>\n","protected":false},"author":1,"featured_media":45,"parent":0,"menu_order":0,"comment_status":"closed","ping_status":"open","template":"","meta":{"footnotes":""},"class_list":["post-43","page","type-page","status-publish","has-post-thumbnail","hentry"],"_links":{"self":[{"href":"https:\/\/iafgh.cat\/index.php?rest_route=\/wp\/v2\/pages\/43","targetHints":{"allow":["GET"]}}],"collection":[{"href":"https:\/\/iafgh.cat\/index.php?rest_route=\/wp\/v2\/pages"}],"about":[{"href":"https:\/\/iafgh.cat\/index.php?rest_route=\/wp\/v2\/types\/page"}],"author":[{"embeddable":true,"href":"https:\/\/iafgh.cat\/index.php?rest_route=\/wp\/v2\/users\/1"}],"replies":[{"embeddable":true,"href":"https:\/\/iafgh.cat\/index.php?rest_route=%2Fwp%2Fv2%2Fcomments&post=43"}],"version-history":[{"count":7,"href":"https:\/\/iafgh.cat\/index.php?rest_route=\/wp\/v2\/pages\/43\/revisions"}],"predecessor-version":[{"id":2039,"href":"https:\/\/iafgh.cat\/index.php?rest_route=\/wp\/v2\/pages\/43\/revisions\/2039"}],"wp:featuredmedia":[{"embeddable":true,"href":"https:\/\/iafgh.cat\/index.php?rest_route=\/wp\/v2\/media\/45"}],"wp:attachment":[{"href":"https:\/\/iafgh.cat\/index.php?rest_route=%2Fwp%2Fv2%2Fmedia&parent=43"}],"curies":[{"name":"wp","href":"https:\/\/api.w.org\/{rel}","templated":true}]}}