{"id":39,"date":"2014-01-11T23:08:05","date_gmt":"2014-01-11T23:08:05","guid":{"rendered":"https:\/\/iafgh.cat\/?page_id=39"},"modified":"2025-11-20T09:21:01","modified_gmt":"2025-11-20T09:21:01","slug":"documentacio","status":"publish","type":"page","link":"https:\/\/iafgh.cat\/?page_id=39","title":{"rendered":"Documentaci\u00f3"},"content":{"rendered":"<p>La Instituci\u00f3 Armand de Fluvi\u00e0 de Genealogia i Her\u00e0ldica i els seus objectius (IAFGH)<\/p>\n<p>La Instituci\u00f3 fou fundada i presidida per Armand de Fluvi\u00e0 i Escorsa, el 24 d\u2019octubre del 2007 amb el desig d\u2019omplir un buit que hi havia al nostre pa\u00eds, on aquestes disciplines han estat generalment menystingudes per culpa, en gran part, dels mateixos genealogistes i heraldistes, m\u00e9s dedicats a afalagar la vanitat humana que a estudiar-les i practicar-les d\u2019una manera cient\u00edfica i rigorosa.<br \/>\nEn fundar la IAFGH, ens hem proposat l\u2019estudi, la recerca i la promoci\u00f3 en tots els \u00e0mbits i amb criteri cient\u00edfic i rigor hist\u00f2ric i metodol\u00f2gic de la genealogia, l\u2019her\u00e0ldica, la sigil\u00b7lografia, la vexil\u00b7lologia i la nobili\u00e0ria catalanes.<\/p>\n<p>Objectius de la IAFGH<\/p>\n<p>1. Sensibilitzar el nostre poble envers aquestes disciplines.<br \/>\n2. Promocionar-les i fomentar-les per tal que llur estudi sigui considerat com una part de la cultura popular catalana. En aquest sentit, s\u2019organitzen cicles de divulgaci\u00f3, seminaris o cursets d\u2019estudi, congressos i exposicions, aix\u00ed, com tamb\u00e9, s\u2019estableixen contactes i intercanvis o convenis amb entitats afins arreu del m\u00f3n que s\u2019hagin acreditat per la seva seriositat cient\u00edfica. Aix\u00ed mateix, es promociona la creaci\u00f3 d\u2019associacions semblants a les diferents \u00e0mbits territorials dels Pa\u00efsos Catalans.<br \/>\n3. Aconseguir que l\u2019ensenyament d\u2019aquestes disciplines tingui car\u00e0cter oficial.<br \/>\n4. Vetllar per tal que la investigaci\u00f3 d\u2019aquestes disciplines tingui sempre un contingut cient\u00edfic i un rigor hist\u00f2ric i metodol\u00f2gic for\u00e0 de tot dubte.<br \/>\n5. Denunciar els aspectes equ\u00edvocs i mercantilistes i el falsejament que molt sovint es relaciona amb aquestes disciplines.<br \/>\n6. Constituir i mantenir una biblioteca i un arxiu documental especialitzats.<br \/>\n7. Promoure i emprendre l\u2019edici\u00f3 d\u2019obres i la publicaci\u00f3 d\u2019estudis i tesines d\u2019aquestes disciplines.<br \/>\n8. Crear i aconseguir beques, borses de treball o premis per a la realitzaci\u00f3 de treballs sobre aquestes mat\u00e8ries.<br \/>\n9. Publicar amb periodicitat una revista \u2014Armoria\u2014 de l\u2019entitat destinada als socis i, eventualment, a la difusi\u00f3 cap a l\u2019exterior.<br \/>\n10. Assessorar t\u00e8cnicament persones o col\u00b7lectivitats interessades en les esmentades disciplines.<br \/>\n11. Lliurar credencials als socis que amb els criteris que determini l\u2019associaci\u00f3 disposin d\u2019un nivell de coneixements que permeti una garantia de llurs investigacions. I establir acords o convenis amb els centres i les entitats que disposin de fonts d\u2019informaci\u00f3 a fi de facilitar, al m\u00e0xim, l\u2019acc\u00e9s dels socis amb credencials a les esmentades fonts.<br \/>\n12. Posar en pr\u00e0ctica qualsevol tasca que, a m\u00e9s de les assenyalades anteriorment, l\u2019associaci\u00f3 cregui oportuna per a la consecuci\u00f3 dels seus fins.<\/p>\n<p><strong>Informaci\u00f3<\/strong>: \u00a0<a href=\"mailto:correu@iafgh.cat\" target=\"_blank\" rel=\"noopener\">correu@iafgh.cat<\/a><\/p>\n","protected":false},"excerpt":{"rendered":"<p>La Instituci\u00f3 Armand de Fluvi\u00e0 de Genealogia i Her\u00e0ldica i els seus objectius (IAFGH) La Instituci\u00f3 fou fundada i presidida per Armand de Fluvi\u00e0 i Escorsa, el 24 d\u2019octubre del 2007 amb el desig d\u2019omplir un buit que hi havia al nostre pa\u00eds, on aquestes disciplines han estat generalment menystingudes per culpa, en gran part, &#8230;<\/p>\n<p><a href=\"https:\/\/iafgh.cat\/?page_id=39\" class=\"more-link\">More <span class=\"meta-nav\">&rarr;<\/span><\/a><\/p>\n","protected":false},"author":1,"featured_media":2866,"parent":0,"menu_order":0,"comment_status":"closed","ping_status":"open","template":"","meta":{"footnotes":""},"class_list":["post-39","page","type-page","status-publish","has-post-thumbnail","hentry"],"_links":{"self":[{"href":"https:\/\/iafgh.cat\/index.php?rest_route=\/wp\/v2\/pages\/39","targetHints":{"allow":["GET"]}}],"collection":[{"href":"https:\/\/iafgh.cat\/index.php?rest_route=\/wp\/v2\/pages"}],"about":[{"href":"https:\/\/iafgh.cat\/index.php?rest_route=\/wp\/v2\/types\/page"}],"author":[{"embeddable":true,"href":"https:\/\/iafgh.cat\/index.php?rest_route=\/wp\/v2\/users\/1"}],"replies":[{"embeddable":true,"href":"https:\/\/iafgh.cat\/index.php?rest_route=%2Fwp%2Fv2%2Fcomments&post=39"}],"version-history":[{"count":3,"href":"https:\/\/iafgh.cat\/index.php?rest_route=\/wp\/v2\/pages\/39\/revisions"}],"predecessor-version":[{"id":2868,"href":"https:\/\/iafgh.cat\/index.php?rest_route=\/wp\/v2\/pages\/39\/revisions\/2868"}],"wp:featuredmedia":[{"embeddable":true,"href":"https:\/\/iafgh.cat\/index.php?rest_route=\/wp\/v2\/media\/2866"}],"wp:attachment":[{"href":"https:\/\/iafgh.cat\/index.php?rest_route=%2Fwp%2Fv2%2Fmedia&parent=39"}],"curies":[{"name":"wp","href":"https:\/\/api.w.org\/{rel}","templated":true}]}}