{"id":35,"date":"2014-01-11T22:47:51","date_gmt":"2014-01-11T22:47:51","guid":{"rendered":"https:\/\/iafgh.cat\/?page_id=35"},"modified":"2019-02-07T15:46:34","modified_gmt":"2019-02-07T15:46:34","slug":"paleografia-i-diplomatica","status":"publish","type":"page","link":"https:\/\/iafgh.cat\/?page_id=35","title":{"rendered":"Paleografia i diplom\u00e0tica"},"content":{"rendered":"<p>El terme \u2018paleografia\u2019 deriva del grec <i>paalaios<\/i> i <i>graphia<\/i>, i \u00e9s la ci\u00e8ncia que estudia la hist\u00f2ria de l\u2019escriptura en les seves diferents\u00a0 fases, les t\u00e8cniques utilitzades per a escriure en les diverses \u00e8poques, el proc\u00e9s de producci\u00f3 dels testimonis escrits i, a la fi, els productes d\u2019aquest proc\u00e9s, especialment en el seu aspecte gr\u00e0fic, ja siguin llibres, inscripcions, documents o escrits de car\u00e0cter individual i privat.<\/p>\n<p>La diplom\u00e0tica es la ci\u00e8ncia dels documents o diplomes. Etimol\u00f2gicament, la paraula \u2018document\u2019 procedeix del llat\u00ed <i>docere<\/i> (\u2018ensenyar\u2019), i d\u2019aquest verb deriva <i>docurnennturn<\/i> (\u2018el que ensenya\u2019).<\/p>\n<p>La diplom\u00e0tica s\u2019interessa per l\u2019estudi d\u2019aquells documents amb una natura i un valor jur\u00eddic-administratiu i hist\u00f2rico-testimonial, aix\u00ed com pel revestiment de diverses formalitats que donen un car\u00e0cter probatori i una for\u00e7a legal.<\/p>\n<p><a href=\"https:\/\/iafgh.cat\/wp-content\/uploads\/2019\/02\/2c.jpg\"><img loading=\"lazy\" decoding=\"async\" class=\"alignnone  wp-image-1509\" src=\"https:\/\/iafgh.cat\/wp-content\/uploads\/2019\/02\/2c-287x300.jpg\" alt=\"\" width=\"166\" height=\"174\" srcset=\"https:\/\/iafgh.cat\/wp-content\/uploads\/2019\/02\/2c-287x300.jpg 287w, https:\/\/iafgh.cat\/wp-content\/uploads\/2019\/02\/2c-280x293.jpg 280w, https:\/\/iafgh.cat\/wp-content\/uploads\/2019\/02\/2c.jpg 306w\" sizes=\"auto, (max-width: 166px) 100vw, 166px\" \/><\/a><\/p>\n<div>\n<p>Informaci\u00f3: <a href=\"mailto:correu@icgenher.cat\">correu@icgenher.cat<\/a><\/p>\n<\/div>\n","protected":false},"excerpt":{"rendered":"<p>El terme \u2018paleografia\u2019 deriva del grec paalaios i graphia, i \u00e9s la ci\u00e8ncia que estudia la hist\u00f2ria de l\u2019escriptura en les seves diferents\u00a0 fases, les t\u00e8cniques utilitzades per a escriure en les diverses \u00e8poques, el proc\u00e9s de producci\u00f3 dels testimonis escrits i, a la fi, els productes d\u2019aquest proc\u00e9s, especialment en el seu aspecte gr\u00e0fic, &#8230;<\/p>\n<p><a href=\"https:\/\/iafgh.cat\/?page_id=35\" class=\"more-link\">More <span class=\"meta-nav\">&rarr;<\/span><\/a><\/p>\n","protected":false},"author":1,"featured_media":36,"parent":0,"menu_order":0,"comment_status":"closed","ping_status":"open","template":"","meta":{"footnotes":""},"class_list":["post-35","page","type-page","status-publish","has-post-thumbnail","hentry"],"_links":{"self":[{"href":"https:\/\/iafgh.cat\/index.php?rest_route=\/wp\/v2\/pages\/35","targetHints":{"allow":["GET"]}}],"collection":[{"href":"https:\/\/iafgh.cat\/index.php?rest_route=\/wp\/v2\/pages"}],"about":[{"href":"https:\/\/iafgh.cat\/index.php?rest_route=\/wp\/v2\/types\/page"}],"author":[{"embeddable":true,"href":"https:\/\/iafgh.cat\/index.php?rest_route=\/wp\/v2\/users\/1"}],"replies":[{"embeddable":true,"href":"https:\/\/iafgh.cat\/index.php?rest_route=%2Fwp%2Fv2%2Fcomments&post=35"}],"version-history":[{"count":4,"href":"https:\/\/iafgh.cat\/index.php?rest_route=\/wp\/v2\/pages\/35\/revisions"}],"predecessor-version":[{"id":1510,"href":"https:\/\/iafgh.cat\/index.php?rest_route=\/wp\/v2\/pages\/35\/revisions\/1510"}],"wp:featuredmedia":[{"embeddable":true,"href":"https:\/\/iafgh.cat\/index.php?rest_route=\/wp\/v2\/media\/36"}],"wp:attachment":[{"href":"https:\/\/iafgh.cat\/index.php?rest_route=%2Fwp%2Fv2%2Fmedia&parent=35"}],"curies":[{"name":"wp","href":"https:\/\/api.w.org\/{rel}","templated":true}]}}