{"id":23,"date":"2014-01-11T22:42:12","date_gmt":"2014-01-11T22:42:12","guid":{"rendered":"https:\/\/iafgh.cat\/?page_id=23"},"modified":"2020-04-13T16:54:34","modified_gmt":"2020-04-13T16:54:34","slug":"heraldica","status":"publish","type":"page","link":"https:\/\/iafgh.cat\/?page_id=23","title":{"rendered":"Her\u00e0ldica"},"content":{"rendered":"\n<p>Es la ci\u00e8ncia que t\u00e9 per objecte l\u2019estudi dels escuts d\u2019armes. Tracta de l\u2019origen dels escuts, de llur composici\u00f3, de les lleis her\u00e0ldiques i de la manera de blasonar.<\/p>\n\n\n\n<p>Les armories es col\u00b7locaren als castells, les cases, les capelles, les lapides sepulcrals etc., als vestits i a les robes i en tota mena d\u2019objectes i de joies.<\/p>\n\n\n\n<p>Les primitives peces i figures molt simples s\u2019anaren complicant i aparegu\u00e9 una terminologia exclusivament her\u00e0ldica. Amb el temps, la composici\u00f3 dels escuts es fixa i anaren sorgint unes regles per a delimitar-la. Els escuts d\u2019armes gentil\u00edcies nomes poden esser emprats pels membres del llinatge o la fam\u00edlia a qui corresponen per \u00fas immemorial provat o pels descendents de la persona a qui fou concedit, i no es transmeten per l\u00ednia femenina, llevat dels casos de vinculacions success\u00f2ries que expressament ho estableixin, per la qual cosa no hi ha escuts de cognoms, sin\u00f3 escuts de llinatges de fam\u00edlies.<\/p>\n\n\n\n<p>Fins fa pocs anys l\u2019afeccionat a l\u2019her\u00e0ldica que la volia estudiar en catal\u00e0 d\u2019una manera seriosa no disposava de textos per a fer-ho: avui, en el cam\u00ed per a la recuperaci\u00f3 d\u2019aquesta ci\u00e8ncia, ja disposem de dues obres capitals:<\/p>\n\n\n\n<p>L\u2019her\u00e0ldica catalana des de l\u2019any 1150 al 1550 de Mart\u00ed de Riquer, i el Diccionari general d\u2019her\u00e0ldica d\u2019Armand de Fluvi\u00e0. D\u2019altra banda, amb la transfer\u00e8ncia de la compet\u00e8ncia sobre escuts i honors a la Generalitat, el Departament de Governaci\u00f3 ha endegat la tasca de la tramitaci\u00f3 dels expedients per a l\u2019oficialitzaci\u00f3 dels escuts i les banderes dels ens locals territorials del Principat.<\/p>\n\n\n\n<h2 class=\"wp-block-heading\">Manual d\u2019her\u00e0ldica i t\u00e8cnica del blas\u00f3. Amb ap\u00e8ndix de Diccionari d\u2019her\u00e0ldica.<\/h2>\n\n\n\n<p>d&#8217;Armand de Fluvi\u00e0 i Escorsa<\/p>\n\n\n\n<figure class=\"wp-block-image size-large is-resized\"><img loading=\"lazy\" decoding=\"async\" src=\"https:\/\/iafgh.cat\/wp-content\/uploads\/2020\/04\/herl2-1.jpg\" alt=\"\" class=\"wp-image-1861\" width=\"198\" height=\"256\" srcset=\"https:\/\/iafgh.cat\/wp-content\/uploads\/2020\/04\/herl2-1.jpg 283w, https:\/\/iafgh.cat\/wp-content\/uploads\/2020\/04\/herl2-1-233x300.jpg 233w\" sizes=\"auto, (max-width: 198px) 100vw, 198px\" \/><figcaption><strong>Informaci\u00f3<\/strong>: &nbsp;<a rel=\"noreferrer noopener\" href=\"mailto:correu@icgenher.cat\" target=\"_blank\">correu@icgenher.cat<\/a><\/figcaption><\/figure>\n","protected":false},"excerpt":{"rendered":"<p>Es la ci\u00e8ncia que t\u00e9 per objecte l\u2019estudi dels escuts d\u2019armes. Tracta de l\u2019origen dels escuts, de llur composici\u00f3, de les lleis her\u00e0ldiques i de la manera de blasonar. Les armories es col\u00b7locaren als castells, les cases, les capelles, les lapides sepulcrals etc., als vestits i a les robes i en tota mena d\u2019objectes i &#8230;<\/p>\n<p><a href=\"https:\/\/iafgh.cat\/?page_id=23\" class=\"more-link\">More <span class=\"meta-nav\">&rarr;<\/span><\/a><\/p>\n","protected":false},"author":1,"featured_media":1857,"parent":0,"menu_order":0,"comment_status":"closed","ping_status":"open","template":"","meta":{"footnotes":""},"class_list":["post-23","page","type-page","status-publish","has-post-thumbnail","hentry"],"_links":{"self":[{"href":"https:\/\/iafgh.cat\/index.php?rest_route=\/wp\/v2\/pages\/23","targetHints":{"allow":["GET"]}}],"collection":[{"href":"https:\/\/iafgh.cat\/index.php?rest_route=\/wp\/v2\/pages"}],"about":[{"href":"https:\/\/iafgh.cat\/index.php?rest_route=\/wp\/v2\/types\/page"}],"author":[{"embeddable":true,"href":"https:\/\/iafgh.cat\/index.php?rest_route=\/wp\/v2\/users\/1"}],"replies":[{"embeddable":true,"href":"https:\/\/iafgh.cat\/index.php?rest_route=%2Fwp%2Fv2%2Fcomments&post=23"}],"version-history":[{"count":14,"href":"https:\/\/iafgh.cat\/index.php?rest_route=\/wp\/v2\/pages\/23\/revisions"}],"predecessor-version":[{"id":1864,"href":"https:\/\/iafgh.cat\/index.php?rest_route=\/wp\/v2\/pages\/23\/revisions\/1864"}],"wp:featuredmedia":[{"embeddable":true,"href":"https:\/\/iafgh.cat\/index.php?rest_route=\/wp\/v2\/media\/1857"}],"wp:attachment":[{"href":"https:\/\/iafgh.cat\/index.php?rest_route=%2Fwp%2Fv2%2Fmedia&parent=23"}],"curies":[{"name":"wp","href":"https:\/\/api.w.org\/{rel}","templated":true}]}}