{"id":19,"date":"2014-01-11T22:39:06","date_gmt":"2014-01-11T22:39:06","guid":{"rendered":"https:\/\/iafgh.cat\/?page_id=19"},"modified":"2020-04-13T16:53:25","modified_gmt":"2020-04-13T16:53:25","slug":"genealogia","status":"publish","type":"page","link":"https:\/\/iafgh.cat\/?page_id=19","title":{"rendered":"Genealogia"},"content":{"rendered":"\n<p>La genealogia \u00e9s la disciplina que estudia l\u2019origen i la successi\u00f3 de les persones i, m\u00e9s concretament, de les fam\u00edlies o les nissagues, tot establint-ne els parentius i les aliances mitjan\u00e7ant documentaci\u00f3 fefaent.<\/p>\n\n\n\n<p>D\u2019altra banda, a ning\u00fa no li passa desapercebut que es tracta d\u2019un element poder\u00f3s d\u2019educaci\u00f3 moral i un coneixement d\u2019indiscutible inter\u00e8s quan hom no se sent indiferent ni ali\u00e8 al seu origen ni a la traject\u00f2ria tra\u00e7ada pels propis avantpassats.<\/p>\n\n\n\n<p>Per tal de plasmar gr\u00e0ficament el resultat de les seves recerques i estudis, la genealogia es serveix dels arbres i taules geneal\u00f2giques. Els arbres o les taules poden esser descendents o ascendents, segons reflecteixin la descend\u00e8ncia originada per una parella com a tronc com\u00fa de tota o part de la seva successi\u00f3, o be reculli, en l\u2019anomena\u2019t arbre de costats o de llinatges, la s\u00e8rie d\u2019ascendents d\u2019un individu.<\/p>\n\n\n\n<p>La plena integraci\u00f3 de la genealogia al patrimoni cultural europeu i la seva \u00e0mplia expansi\u00f3 no s\u2019assoleix, per\u00f2, fins el segle XVI, quan es generalitza aquesta disciplina com a ci\u00e8ncia pura en confeccionar els nobiliaris mes genu\u00efns.<\/p>\n\n\n\n<p>En els nostres dies, la genealogia assoleix la seva plenitud, no tan sols com a ci\u00e8ncia aplicada, sin\u00f3 fins i tot com a ci\u00e8ncia pura, avalada amb proves de car\u00e0cter cient\u00edfic. A poc a poc, han anat proliferant arreu i en el transcurs del segle XX les entitats dedicades a la m\u00e9s depurada investigaci\u00f3 geneal\u00f2gica.<\/p>\n\n\n\n<figure class=\"wp-block-image size-large\"><a href=\"https:\/\/iafgh.cat\/wp-content\/uploads\/2014\/01\/Parentiu.jpg\"><img loading=\"lazy\" decoding=\"async\" width=\"842\" height=\"595\" src=\"https:\/\/iafgh.cat\/wp-content\/uploads\/2020\/04\/Parentiu.jpg\" alt=\"\" class=\"wp-image-1851\" srcset=\"https:\/\/iafgh.cat\/wp-content\/uploads\/2020\/04\/Parentiu.jpg 842w, https:\/\/iafgh.cat\/wp-content\/uploads\/2020\/04\/Parentiu-300x212.jpg 300w, https:\/\/iafgh.cat\/wp-content\/uploads\/2020\/04\/Parentiu-768x543.jpg 768w, https:\/\/iafgh.cat\/wp-content\/uploads\/2020\/04\/Parentiu-508x359.jpg 508w\" sizes=\"auto, (max-width: 842px) 100vw, 842px\" \/><\/a><\/figure>\n\n\n\n<div class=\"wp-block-image\"><figure class=\"aligncenter size-large is-resized\"><img loading=\"lazy\" decoding=\"async\" src=\"https:\/\/iafgh.cat\/wp-content\/uploads\/2020\/04\/gene2-1.jpg\" alt=\"\" class=\"wp-image-1848\" width=\"198\" height=\"248\" srcset=\"https:\/\/iafgh.cat\/wp-content\/uploads\/2020\/04\/gene2-1.jpg 283w, https:\/\/iafgh.cat\/wp-content\/uploads\/2020\/04\/gene2-1-240x300.jpg 240w\" sizes=\"auto, (max-width: 198px) 100vw, 198px\" \/><\/figure><\/div>\n\n\n\n<h2 class=\"wp-block-heading\">Qui eren els meus avantpassats?<\/h2>\n\n\n\n<p>d&#8217;Armand de Fluvi\u00e0 i Escorsa<a href=\"http:\/\/zonallibres.cat\/detalle.asp?codart=ART8617822528\"><\/a><strong>&nbsp;<\/strong><\/p>\n\n\n\n<p><strong>PVP:\u00a020 \u20ac<\/strong><\/p>\n\n\n\n<p class=\"has-text-align-center\">*   *   * <\/p>\n\n\n\n<p><\/p>\n\n\n\n<p><span class=\"has-inline-color has-accent-color\"><strong>SISTEMA GENERAL DE DOCUMENTACI\u00d3 GENERAL<\/strong><\/span><\/p>\n\n\n\n<div class=\"wp-block-image\"><figure class=\"alignleft size-large is-resized\"><a href=\"http:\/\/www.gdsystem.net\/webv2\/ca\/\" target=\"_blank\" rel=\"noopener noreferrer\"><img loading=\"lazy\" decoding=\"async\" src=\"https:\/\/iafgh.cat\/wp-content\/uploads\/2019\/02\/Logo_GDS-1024x750.jpg\" alt=\"\" class=\"wp-image-1502\" width=\"250\" height=\"183\" srcset=\"https:\/\/iafgh.cat\/wp-content\/uploads\/2019\/02\/Logo_GDS-1024x750.jpg 1024w, https:\/\/iafgh.cat\/wp-content\/uploads\/2019\/02\/Logo_GDS-300x220.jpg 300w, https:\/\/iafgh.cat\/wp-content\/uploads\/2019\/02\/Logo_GDS-768x562.jpg 768w, https:\/\/iafgh.cat\/wp-content\/uploads\/2019\/02\/Logo_GDS-280x205.jpg 280w, https:\/\/iafgh.cat\/wp-content\/uploads\/2019\/02\/Logo_GDS-660x483.jpg 660w, https:\/\/iafgh.cat\/wp-content\/uploads\/2019\/02\/Logo_GDS.jpg 1426w\" sizes=\"auto, (max-width: 250px) 100vw, 250px\" \/><\/a><\/figure><\/div>\n\n\n\n<p><\/p>\n\n\n\n<p><strong>Programa inform\u00e0tic<\/strong>:<\/p>\n\n\n\n<p>Cliqueu sobre la imatge&nbsp;GDS&nbsp;per accedir a la p\u00e0gina de desc\u00e0rrega. El programa permet crear fins a 50 fitxes de persones a modo de demostraci\u00f3. Un cop descarregat, el programa us oferirar la posibilitat de comprar-lo.<\/p>\n\n\n\n<p class=\"has-text-align-center\">*   *   *<\/p>\n\n\n\n<div class=\"wp-block-image\"><figure class=\"alignleft\"><a href=\"https:\/\/www.youtube.com\/watch?v=acN1wgLBp54&amp;list=FLJnVWtqbuKNubsWF9Jsnz6A\" target=\"_blank\" rel=\"noreferrer noopener\"><img loading=\"lazy\" decoding=\"async\" width=\"137\" height=\"100\" src=\"https:\/\/iafgh.cat\/wp-content\/uploads\/2016\/02\/video.jpg\" alt=\"video\" class=\"wp-image-792\"\/><\/a><\/figure><\/div>\n\n\n\n<p>(<strong>Armand de Fluvi\u00e0<\/strong>: <em>Gr\u00e0cies a les noves tecnologies de la inform\u00e0tica, cada vegada m\u00e9s eficients i desenvolupades i d\u2019un abast impensable fa molts pocs anys, ara podem exposar i representar genealogies).<\/em><\/p>\n\n\n\n<p><strong>Informaci\u00f3<\/strong>: <a href=\"mailto:correu@icgenher.cat\" target=\"_blank\" rel=\"noreferrer noopener\">correu@icgenher.cat<\/a><\/p>\n","protected":false},"excerpt":{"rendered":"<p>La genealogia \u00e9s la disciplina que estudia l\u2019origen i la successi\u00f3 de les persones i, m\u00e9s concretament, de les fam\u00edlies o les nissagues, tot establint-ne els parentius i les aliances mitjan\u00e7ant documentaci\u00f3 fefaent. D\u2019altra banda, a ning\u00fa no li passa desapercebut que es tracta d\u2019un element poder\u00f3s d\u2019educaci\u00f3 moral i un coneixement d\u2019indiscutible inter\u00e8s quan &#8230;<\/p>\n<p><a href=\"https:\/\/iafgh.cat\/?page_id=19\" class=\"more-link\">More <span class=\"meta-nav\">&rarr;<\/span><\/a><\/p>\n","protected":false},"author":1,"featured_media":464,"parent":0,"menu_order":0,"comment_status":"closed","ping_status":"open","template":"","meta":{"footnotes":""},"class_list":["post-19","page","type-page","status-publish","has-post-thumbnail","hentry"],"_links":{"self":[{"href":"https:\/\/iafgh.cat\/index.php?rest_route=\/wp\/v2\/pages\/19","targetHints":{"allow":["GET"]}}],"collection":[{"href":"https:\/\/iafgh.cat\/index.php?rest_route=\/wp\/v2\/pages"}],"about":[{"href":"https:\/\/iafgh.cat\/index.php?rest_route=\/wp\/v2\/types\/page"}],"author":[{"embeddable":true,"href":"https:\/\/iafgh.cat\/index.php?rest_route=\/wp\/v2\/users\/1"}],"replies":[{"embeddable":true,"href":"https:\/\/iafgh.cat\/index.php?rest_route=%2Fwp%2Fv2%2Fcomments&post=19"}],"version-history":[{"count":18,"href":"https:\/\/iafgh.cat\/index.php?rest_route=\/wp\/v2\/pages\/19\/revisions"}],"predecessor-version":[{"id":1863,"href":"https:\/\/iafgh.cat\/index.php?rest_route=\/wp\/v2\/pages\/19\/revisions\/1863"}],"wp:featuredmedia":[{"embeddable":true,"href":"https:\/\/iafgh.cat\/index.php?rest_route=\/wp\/v2\/media\/464"}],"wp:attachment":[{"href":"https:\/\/iafgh.cat\/index.php?rest_route=%2Fwp%2Fv2%2Fmedia&parent=19"}],"curies":[{"name":"wp","href":"https:\/\/api.w.org\/{rel}","templated":true}]}}